{"id":1734,"date":"2022-12-12T14:27:01","date_gmt":"2022-12-12T14:27:01","guid":{"rendered":"http:\/\/www.talentoytalante.com.co\/?page_id=1734"},"modified":"2022-12-21T18:17:43","modified_gmt":"2022-12-21T18:17:43","slug":"tt-mantenimiento","status":"publish","type":"page","link":"http:\/\/www.talentoytalante.com.co\/es\/tt-mantenimiento\/","title":{"rendered":"T&#038;T Mantenimiento"},"content":{"rendered":"\t\t<div data-elementor-type=\"wp-page\" data-elementor-id=\"1734\" class=\"elementor elementor-1734\">\n\t\t\t\t\t\t\t\t\t<section class=\"elementor-section elementor-top-section elementor-element elementor-element-2e88f952 elementor-section-boxed elementor-section-height-default elementor-section-height-default\" data-id=\"2e88f952\" data-element_type=\"section\">\n\t\t\t\t\t\t<div class=\"elementor-container elementor-column-gap-default\">\n\t\t\t\t\t<div class=\"elementor-column elementor-col-100 elementor-top-column elementor-element elementor-element-27759e33\" data-id=\"27759e33\" data-element_type=\"column\">\n\t\t\t<div class=\"elementor-widget-wrap elementor-element-populated\">\n\t\t\t\t\t\t\t\t<div class=\"elementor-element elementor-element-2999e4b elementor-widget elementor-widget-heading\" data-id=\"2999e4b\" data-element_type=\"widget\" data-widget_type=\"heading.default\">\n\t\t\t\t<div class=\"elementor-widget-container\">\n\t\t\t<style>\/*! elementor - v3.10.1 - 17-01-2023 *\/\n.elementor-heading-title{padding:0;margin:0;line-height:1}.elementor-widget-heading .elementor-heading-title[class*=elementor-size-]>a{color:inherit;font-size:inherit;line-height:inherit}.elementor-widget-heading .elementor-heading-title.elementor-size-small{font-size:15px}.elementor-widget-heading .elementor-heading-title.elementor-size-medium{font-size:19px}.elementor-widget-heading .elementor-heading-title.elementor-size-large{font-size:29px}.elementor-widget-heading .elementor-heading-title.elementor-size-xl{font-size:39px}.elementor-widget-heading .elementor-heading-title.elementor-size-xxl{font-size:59px}<\/style><h2 class=\"elementor-heading-title elementor-size-default\">Estamos haciendo unos Ajustes a nuestra P\u00e1gina<\/h2>\t\t<\/div>\n\t\t\t\t<\/div>\n\t\t\t\t<div class=\"elementor-element elementor-element-90287a2 elementor-widget elementor-widget-text-editor\" data-id=\"90287a2\" data-element_type=\"widget\" data-widget_type=\"text-editor.default\">\n\t\t\t\t<div class=\"elementor-widget-container\">\n\t\t\t<style>\/*! elementor - v3.10.1 - 17-01-2023 *\/\n.elementor-widget-text-editor.elementor-drop-cap-view-stacked .elementor-drop-cap{background-color:#818a91;color:#fff}.elementor-widget-text-editor.elementor-drop-cap-view-framed .elementor-drop-cap{color:#818a91;border:3px solid;background-color:transparent}.elementor-widget-text-editor:not(.elementor-drop-cap-view-default) .elementor-drop-cap{margin-top:8px}.elementor-widget-text-editor:not(.elementor-drop-cap-view-default) .elementor-drop-cap-letter{width:1em;height:1em}.elementor-widget-text-editor .elementor-drop-cap{float:left;text-align:center;line-height:1;font-size:50px}.elementor-widget-text-editor .elementor-drop-cap-letter{display:inline-block}<\/style>\t\t\t\t<p>\u00a1Gracias por visitarnos!<br \/>Nos puedes contactar directamente por correo o visita nuestra p\u00e1gina de LinkedIn para m\u00e1s informaci\u00f3n<\/p>\t\t\t\t\t\t<\/div>\n\t\t\t\t<\/div>\n\t\t\t\t<section class=\"elementor-section elementor-inner-section elementor-element elementor-element-0812aba elementor-section-boxed elementor-section-height-default elementor-section-height-default\" data-id=\"0812aba\" data-element_type=\"section\">\n\t\t\t\t\t\t<div class=\"elementor-container elementor-column-gap-default\">\n\t\t\t\t\t<div class=\"elementor-column elementor-col-50 elementor-inner-column elementor-element elementor-element-9fad434\" data-id=\"9fad434\" data-element_type=\"column\">\n\t\t\t<div class=\"elementor-widget-wrap elementor-element-populated\">\n\t\t\t\t\t\t\t\t<div class=\"elementor-element elementor-element-6bb97b8 elementor-align-center elementor-widget elementor-widget-button\" data-id=\"6bb97b8\" data-element_type=\"widget\" data-widget_type=\"button.default\">\n\t\t\t\t<div class=\"elementor-widget-container\">\n\t\t\t\t\t<div class=\"elementor-button-wrapper\">\n\t\t\t<a href=\"mailto:contacto@talentoytalante.com.co\" target=\"_blank\" class=\"elementor-button-link elementor-button elementor-size-sm elementor-animation-shrink\" role=\"button\">\n\t\t\t\t\t\t<span class=\"elementor-button-content-wrapper\">\n\t\t\t\t\t\t<span class=\"elementor-button-text\">Correo Electr\u00f3nico<\/span>\n\t\t<\/span>\n\t\t\t\t\t<\/a>\n\t\t<\/div>\n\t\t\t\t<\/div>\n\t\t\t\t<\/div>\n\t\t\t\t\t<\/div>\n\t\t<\/div>\n\t\t\t\t<div class=\"elementor-column elementor-col-50 elementor-inner-column elementor-element elementor-element-cd6c052\" data-id=\"cd6c052\" data-element_type=\"column\">\n\t\t\t<div class=\"elementor-widget-wrap elementor-element-populated\">\n\t\t\t\t\t\t\t\t<div class=\"elementor-element elementor-element-3dcac11 elementor-align-center elementor-widget elementor-widget-button\" data-id=\"3dcac11\" data-element_type=\"widget\" data-widget_type=\"button.default\">\n\t\t\t\t<div class=\"elementor-widget-container\">\n\t\t\t\t\t<div class=\"elementor-button-wrapper\">\n\t\t\t<a href=\"https:\/\/www.linkedin.com\/company\/talento-y-talante\/\" target=\"_blank\" class=\"elementor-button-link elementor-button elementor-size-sm elementor-animation-shrink\" role=\"button\">\n\t\t\t\t\t\t<span class=\"elementor-button-content-wrapper\">\n\t\t\t\t\t\t<span class=\"elementor-button-text\">LinkedIn<\/span>\n\t\t<\/span>\n\t\t\t\t\t<\/a>\n\t\t<\/div>\n\t\t\t\t<\/div>\n\t\t\t\t<\/div>\n\t\t\t\t\t<\/div>\n\t\t<\/div>\n\t\t\t\t\t\t\t<\/div>\n\t\t<\/section>\n\t\t\t\t\t<\/div>\n\t\t<\/div>\n\t\t\t\t\t\t\t<\/div>\n\t\t<\/section>\n\t\t\t\t\t\t\t<\/div>\n\t\t","protected":false},"excerpt":{"rendered":"<p>Estamos haciendo unos Ajustes a nuestra P\u00e1gina \u00a1Gracias por visitarnos!Nos puedes contactar directamente por correo o visita nuestra p\u00e1gina de LinkedIn para m\u00e1s informaci\u00f3n Correo Electr\u00f3nico LinkedIn<\/p>\n","protected":false},"author":1,"featured_media":0,"parent":0,"menu_order":0,"comment_status":"closed","ping_status":"closed","template":"elementor_header_footer","meta":{"_uag_custom_page_level_css":"","site-sidebar-layout":"default","site-content-layout":"default","ast-global-header-display":"","ast-main-header-display":"","ast-hfb-above-header-display":"","ast-hfb-below-header-display":"","ast-hfb-mobile-header-display":"","site-post-title":"","ast-breadcrumbs-content":"","ast-featured-img":"","footer-sml-layout":"","theme-transparent-header-meta":"","adv-header-id-meta":"","stick-header-meta":"","header-above-stick-meta":"","header-main-stick-meta":"","header-below-stick-meta":""},"yoast_head":"<!-- This site is optimized with the Yoast SEO plugin v20.0 - https:\/\/yoast.com\/wordpress\/plugins\/seo\/ -->\n<title>T&amp;T Mantenimiento - Talento &amp; Talante<\/title>\n<meta name=\"robots\" content=\"index, follow, max-snippet:-1, max-image-preview:large, max-video-preview:-1\" \/>\n<link rel=\"canonical\" href=\"http:\/\/www.talentoytalante.com.co\/es\/tt-mantenimiento\/\" \/>\n<meta property=\"og:locale\" content=\"es_ES\" \/>\n<meta property=\"og:type\" content=\"article\" \/>\n<meta property=\"og:title\" content=\"T&amp;T Mantenimiento - Talento &amp; Talante\" \/>\n<meta property=\"og:description\" content=\"Estamos haciendo unos Ajustes a nuestra P\u00e1gina \u00a1Gracias por visitarnos!Nos puedes contactar directamente por correo o visita nuestra p\u00e1gina de LinkedIn para m\u00e1s informaci\u00f3n Correo Electr\u00f3nico LinkedIn\" \/>\n<meta property=\"og:url\" content=\"http:\/\/www.talentoytalante.com.co\/es\/tt-mantenimiento\/\" \/>\n<meta property=\"og:site_name\" content=\"Talento &amp; Talante\" \/>\n<meta property=\"article:modified_time\" content=\"2022-12-21T18:17:43+00:00\" \/>\n<meta name=\"twitter:card\" content=\"summary_large_image\" \/>\n<meta name=\"twitter:label1\" content=\"Tiempo de lectura\" \/>\n\t<meta name=\"twitter:data1\" content=\"1 minuto\" \/>\n<script type=\"application\/ld+json\" class=\"yoast-schema-graph\">{\"@context\":\"https:\/\/schema.org\",\"@graph\":[{\"@type\":\"WebPage\",\"@id\":\"http:\/\/www.talentoytalante.com.co\/es\/tt-mantenimiento\/\",\"url\":\"http:\/\/www.talentoytalante.com.co\/es\/tt-mantenimiento\/\",\"name\":\"T&T Mantenimiento - Talento &amp; Talante\",\"isPartOf\":{\"@id\":\"https:\/\/www.talentoytalante.com.co\/es\/#website\"},\"datePublished\":\"2022-12-12T14:27:01+00:00\",\"dateModified\":\"2022-12-21T18:17:43+00:00\",\"breadcrumb\":{\"@id\":\"http:\/\/www.talentoytalante.com.co\/es\/tt-mantenimiento\/#breadcrumb\"},\"inLanguage\":\"es\",\"potentialAction\":[{\"@type\":\"ReadAction\",\"target\":[\"http:\/\/www.talentoytalante.com.co\/es\/tt-mantenimiento\/\"]}]},{\"@type\":\"BreadcrumbList\",\"@id\":\"http:\/\/www.talentoytalante.com.co\/es\/tt-mantenimiento\/#breadcrumb\",\"itemListElement\":[{\"@type\":\"ListItem\",\"position\":1,\"name\":\"Portada\",\"item\":\"https:\/\/www.talentoytalante.com.co\/es\/\"},{\"@type\":\"ListItem\",\"position\":2,\"name\":\"T&#038;T Mantenimiento\"}]},{\"@type\":\"WebSite\",\"@id\":\"https:\/\/www.talentoytalante.com.co\/es\/#website\",\"url\":\"https:\/\/www.talentoytalante.com.co\/es\/\",\"name\":\"Talento &amp; Talante\",\"description\":\"\",\"publisher\":{\"@id\":\"https:\/\/www.talentoytalante.com.co\/es\/#organization\"},\"potentialAction\":[{\"@type\":\"SearchAction\",\"target\":{\"@type\":\"EntryPoint\",\"urlTemplate\":\"https:\/\/www.talentoytalante.com.co\/es\/?s={search_term_string}\"},\"query-input\":\"required name=search_term_string\"}],\"inLanguage\":\"es\"},{\"@type\":\"Organization\",\"@id\":\"https:\/\/www.talentoytalante.com.co\/es\/#organization\",\"name\":\"Talento &amp; Talante\",\"url\":\"https:\/\/www.talentoytalante.com.co\/es\/\",\"logo\":{\"@type\":\"ImageObject\",\"inLanguage\":\"es\",\"@id\":\"https:\/\/www.talentoytalante.com.co\/es\/#\/schema\/logo\/image\/\",\"url\":\"http:\/\/www.talentoytalante.com.co\/wp-content\/uploads\/2022\/12\/Graficos-37.png\",\"contentUrl\":\"http:\/\/www.talentoytalante.com.co\/wp-content\/uploads\/2022\/12\/Graficos-37.png\",\"width\":2693,\"height\":465,\"caption\":\"Talento &amp; Talante \"},\"image\":{\"@id\":\"https:\/\/www.talentoytalante.com.co\/es\/#\/schema\/logo\/image\/\"}}]}<\/script>\n<!-- \/ Yoast SEO plugin. -->","yoast_head_json":{"title":"T&T Mantenimiento - Talento &amp; Talante","robots":{"index":"index","follow":"follow","max-snippet":"max-snippet:-1","max-image-preview":"max-image-preview:large","max-video-preview":"max-video-preview:-1"},"canonical":"http:\/\/www.talentoytalante.com.co\/es\/tt-mantenimiento\/","og_locale":"es_ES","og_type":"article","og_title":"T&T Mantenimiento - Talento &amp; Talante","og_description":"Estamos haciendo unos Ajustes a nuestra P\u00e1gina \u00a1Gracias por visitarnos!Nos puedes contactar directamente por correo o visita nuestra p\u00e1gina de LinkedIn para m\u00e1s informaci\u00f3n Correo Electr\u00f3nico LinkedIn","og_url":"http:\/\/www.talentoytalante.com.co\/es\/tt-mantenimiento\/","og_site_name":"Talento &amp; Talante","article_modified_time":"2022-12-21T18:17:43+00:00","twitter_card":"summary_large_image","twitter_misc":{"Tiempo de lectura":"1 minuto"},"schema":{"@context":"https:\/\/schema.org","@graph":[{"@type":"WebPage","@id":"http:\/\/www.talentoytalante.com.co\/es\/tt-mantenimiento\/","url":"http:\/\/www.talentoytalante.com.co\/es\/tt-mantenimiento\/","name":"T&T Mantenimiento - Talento &amp; Talante","isPartOf":{"@id":"https:\/\/www.talentoytalante.com.co\/es\/#website"},"datePublished":"2022-12-12T14:27:01+00:00","dateModified":"2022-12-21T18:17:43+00:00","breadcrumb":{"@id":"http:\/\/www.talentoytalante.com.co\/es\/tt-mantenimiento\/#breadcrumb"},"inLanguage":"es","potentialAction":[{"@type":"ReadAction","target":["http:\/\/www.talentoytalante.com.co\/es\/tt-mantenimiento\/"]}]},{"@type":"BreadcrumbList","@id":"http:\/\/www.talentoytalante.com.co\/es\/tt-mantenimiento\/#breadcrumb","itemListElement":[{"@type":"ListItem","position":1,"name":"Portada","item":"https:\/\/www.talentoytalante.com.co\/es\/"},{"@type":"ListItem","position":2,"name":"T&#038;T Mantenimiento"}]},{"@type":"WebSite","@id":"https:\/\/www.talentoytalante.com.co\/es\/#website","url":"https:\/\/www.talentoytalante.com.co\/es\/","name":"Talento &amp; Talante","description":"","publisher":{"@id":"https:\/\/www.talentoytalante.com.co\/es\/#organization"},"potentialAction":[{"@type":"SearchAction","target":{"@type":"EntryPoint","urlTemplate":"https:\/\/www.talentoytalante.com.co\/es\/?s={search_term_string}"},"query-input":"required name=search_term_string"}],"inLanguage":"es"},{"@type":"Organization","@id":"https:\/\/www.talentoytalante.com.co\/es\/#organization","name":"Talento &amp; Talante","url":"https:\/\/www.talentoytalante.com.co\/es\/","logo":{"@type":"ImageObject","inLanguage":"es","@id":"https:\/\/www.talentoytalante.com.co\/es\/#\/schema\/logo\/image\/","url":"http:\/\/www.talentoytalante.com.co\/wp-content\/uploads\/2022\/12\/Graficos-37.png","contentUrl":"http:\/\/www.talentoytalante.com.co\/wp-content\/uploads\/2022\/12\/Graficos-37.png","width":2693,"height":465,"caption":"Talento &amp; Talante "},"image":{"@id":"https:\/\/www.talentoytalante.com.co\/es\/#\/schema\/logo\/image\/"}}]}},"uagb_featured_image_src":{"full":false,"thumbnail":false,"medium":false,"medium_large":false,"large":false,"1536x1536":false,"2048x2048":false,"trp-custom-language-flag":false},"uagb_author_info":{"display_name":"jburgos","author_link":"http:\/\/www.talentoytalante.com.co\/es\/author\/jburgos\/"},"uagb_comment_info":0,"uagb_excerpt":"Estamos haciendo unos Ajustes a nuestra P\u00e1gina \u00a1Gracias por visitarnos!Nos puedes contactar directamente por correo o visita nuestra p\u00e1gina de LinkedIn para m\u00e1s informaci\u00f3n Correo Electr\u00f3nico LinkedIn","_links":{"self":[{"href":"http:\/\/www.talentoytalante.com.co\/es\/wp-json\/wp\/v2\/pages\/1734"}],"collection":[{"href":"http:\/\/www.talentoytalante.com.co\/es\/wp-json\/wp\/v2\/pages"}],"about":[{"href":"http:\/\/www.talentoytalante.com.co\/es\/wp-json\/wp\/v2\/types\/page"}],"author":[{"embeddable":true,"href":"http:\/\/www.talentoytalante.com.co\/es\/wp-json\/wp\/v2\/users\/1"}],"replies":[{"embeddable":true,"href":"http:\/\/www.talentoytalante.com.co\/es\/wp-json\/wp\/v2\/comments?post=1734"}],"version-history":[{"count":8,"href":"http:\/\/www.talentoytalante.com.co\/es\/wp-json\/wp\/v2\/pages\/1734\/revisions"}],"predecessor-version":[{"id":2879,"href":"http:\/\/www.talentoytalante.com.co\/es\/wp-json\/wp\/v2\/pages\/1734\/revisions\/2879"}],"wp:attachment":[{"href":"http:\/\/www.talentoytalante.com.co\/es\/wp-json\/wp\/v2\/media?parent=1734"}],"curies":[{"name":"wp","href":"https:\/\/api.w.org\/{rel}","templated":true}]}}